{"id":18672,"date":"2026-02-03T16:33:56","date_gmt":"2026-02-03T15:33:56","guid":{"rendered":"https:\/\/www.kernkonzept.com\/?page_id=18672"},"modified":"2026-03-16T16:17:58","modified_gmt":"2026-03-16T15:17:58","slug":"cybersecurity-information","status":"publish","type":"page","link":"https:\/\/www.kernkonzept.com\/de\/cybersecurity-information\/","title":{"rendered":"Cybersecurity Information"},"content":{"rendered":"<div data-elementor-type=\"wp-page\" data-elementor-id=\"18672\" class=\"elementor elementor-18672\" data-elementor-settings=\"{&quot;ha_cmc_init_switcher&quot;:&quot;no&quot;}\" data-elementor-post-type=\"page\">\n\t\t\t\t\t\t<section class=\"elementor-section elementor-top-section elementor-element elementor-element-a56dca2 elementor-reverse-mobile elementor-section-boxed elementor-section-height-default elementor-section-height-default\" data-id=\"a56dca2\" data-element_type=\"section\" data-e-type=\"section\" data-settings=\"{&quot;background_background&quot;:&quot;classic&quot;,&quot;_ha_eqh_enable&quot;:false}\">\n\t\t\t\t\t\t<div class=\"elementor-container elementor-column-gap-default\">\n\t\t\t\t\t<div class=\"elementor-column elementor-col-50 elementor-top-column elementor-element elementor-element-fdc6f0e\" data-id=\"fdc6f0e\" data-element_type=\"column\" data-e-type=\"column\" data-settings=\"{&quot;background_background&quot;:&quot;classic&quot;}\">\n\t\t\t<div class=\"elementor-widget-wrap elementor-element-populated\">\n\t\t\t\t\t<div class=\"elementor-background-overlay\"><\/div>\n\t\t\t\t\t\t<section class=\"elementor-section elementor-inner-section elementor-element elementor-element-4068164 elementor-section-content-middle elementor-section-boxed elementor-section-height-default elementor-section-height-default\" data-id=\"4068164\" data-element_type=\"section\" data-e-type=\"section\" data-settings=\"{&quot;background_background&quot;:&quot;classic&quot;,&quot;_ha_eqh_enable&quot;:false}\">\n\t\t\t\t\t\t\t<div class=\"elementor-background-overlay\"><\/div>\n\t\t\t\t\t\t\t<div class=\"elementor-container elementor-column-gap-default\">\n\t\t\t\t\t<div class=\"elementor-column elementor-col-100 elementor-inner-column elementor-element elementor-element-cc77e4f\" data-id=\"cc77e4f\" data-element_type=\"column\" data-e-type=\"column\">\n\t\t\t<div class=\"elementor-widget-wrap elementor-element-populated\">\n\t\t\t\t\t\t<div class=\"elementor-element elementor-element-f1a1d76 elementor-widget elementor-widget-heading\" data-id=\"f1a1d76\" data-element_type=\"widget\" data-e-type=\"widget\" data-widget_type=\"heading.default\">\n\t\t\t\t<div class=\"elementor-widget-container\">\n\t\t\t\t\t<h2 class=\"elementor-heading-title elementor-size-default\">Cybersecurity<br>Information<\/h2>\t\t\t\t<\/div>\n\t\t\t\t<\/div>\n\t\t\t\t\t<\/div>\n\t\t<\/div>\n\t\t\t\t\t<\/div>\n\t\t<\/section>\n\t\t\t\t<div class=\"elementor-element elementor-element-892fd28 elementor-widget elementor-widget-text-editor\" data-id=\"892fd28\" data-element_type=\"widget\" data-e-type=\"widget\" data-widget_type=\"text-editor.default\">\n\t\t\t\t<div class=\"elementor-widget-container\">\n\t\t\t\t\t\t\t\t\t<p><a class=\"cmp-title__link\">Diese Seite enth\u00e4lt erg\u00e4nzende Cybersecurity-Informationen f\u00fcr den L4Re Secure Separation Kernel, gem\u00e4\u00df REGULIERUNG (EU) 2019\/881 Artikel 55.<\/a><\/p>\t\t\t\t\t\t\t\t<\/div>\n\t\t\t\t<\/div>\n\t\t\t\t\t<\/div>\n\t\t<\/div>\n\t\t\t\t<div class=\"elementor-column elementor-col-50 elementor-top-column elementor-element elementor-element-e98a39a\" data-id=\"e98a39a\" data-element_type=\"column\" data-e-type=\"column\" data-settings=\"{&quot;background_background&quot;:&quot;classic&quot;}\">\n\t\t\t<div class=\"elementor-widget-wrap elementor-element-populated\">\n\t\t\t\t\t<div class=\"elementor-background-overlay\"><\/div>\n\t\t\t\t\t\t<div class=\"elementor-element elementor-element-ad0be3c elementor-widget elementor-widget-spacer\" data-id=\"ad0be3c\" data-element_type=\"widget\" data-e-type=\"widget\" data-widget_type=\"spacer.default\">\n\t\t\t\t<div class=\"elementor-widget-container\">\n\t\t\t\t\t\t\t<div class=\"elementor-spacer\">\n\t\t\t<div class=\"elementor-spacer-inner\"><\/div>\n\t\t<\/div>\n\t\t\t\t\t\t<\/div>\n\t\t\t\t<\/div>\n\t\t\t\t\t<\/div>\n\t\t<\/div>\n\t\t\t\t\t<\/div>\n\t\t<\/section>\n\t\t\t\t<section class=\"elementor-section elementor-top-section elementor-element elementor-element-4970882 elementor-section-boxed elementor-section-height-default elementor-section-height-default\" data-id=\"4970882\" data-element_type=\"section\" data-e-type=\"section\" data-settings=\"{&quot;background_background&quot;:&quot;classic&quot;,&quot;_ha_eqh_enable&quot;:false}\">\n\t\t\t\t\t\t<div class=\"elementor-container elementor-column-gap-default\">\n\t\t\t\t\t<div class=\"elementor-column elementor-col-50 elementor-top-column elementor-element elementor-element-9171beb\" data-id=\"9171beb\" data-element_type=\"column\" data-e-type=\"column\" data-settings=\"{&quot;background_background&quot;:&quot;classic&quot;}\">\n\t\t\t<div class=\"elementor-widget-wrap elementor-element-populated\">\n\t\t\t\t\t<div class=\"elementor-background-overlay\"><\/div>\n\t\t\t\t\t\t<section class=\"elementor-section elementor-inner-section elementor-element elementor-element-01d3a09 elementor-section-boxed elementor-section-height-default elementor-section-height-default\" data-id=\"01d3a09\" data-element_type=\"section\" data-e-type=\"section\" data-settings=\"{&quot;_ha_eqh_enable&quot;:false}\">\n\t\t\t\t\t\t<div class=\"elementor-container elementor-column-gap-default\">\n\t\t\t\t\t<div class=\"elementor-column elementor-col-100 elementor-inner-column elementor-element elementor-element-7d0b6e7\" data-id=\"7d0b6e7\" data-element_type=\"column\" data-e-type=\"column\">\n\t\t\t<div class=\"elementor-widget-wrap elementor-element-populated\">\n\t\t\t\t\t\t<div class=\"elementor-element elementor-element-05c8e30 elementor-widget elementor-widget-heading\" data-id=\"05c8e30\" data-element_type=\"widget\" data-e-type=\"widget\" data-widget_type=\"heading.default\">\n\t\t\t\t<div class=\"elementor-widget-container\">\n\t\t\t\t\t<h1 class=\"elementor-heading-title elementor-size-default\">L4Re Secure Separation Kernel CC - erg\u00e4nzende Cybersecurity-Information<\/h1>\t\t\t\t<\/div>\n\t\t\t\t<\/div>\n\t\t\t\t<div class=\"elementor-element elementor-element-c2be08a elementor-widget elementor-widget-text-editor\" data-id=\"c2be08a\" data-element_type=\"widget\" data-e-type=\"widget\" data-widget_type=\"text-editor.default\">\n\t\t\t\t<div class=\"elementor-widget-container\">\n\t\t\t\t\t\t\t\t\t<p>Diese Seite enth\u00e4lt erg\u00e4nzende Informationen zum L4Re Secure Separation Kernel CC 1.0.2.<\/p><p>Das Softwarepaket L4Re Secure Separation Kernel CC 1.0.2 enth\u00e4lt die im \u201eSecurity Target for L4Re Secure Separation Kernel CC 1.0.2\u201d referenzierte Dokumentation zum sicheren Einsatz des L4Re Secure Separation Kernel CC 1.0.2 (\u201eGuidance Documentation\u201d).<\/p><p>Ein Common-Criteria-konformer Einsatz des L4Re Secure Separation Kernel CC 1.0.2 ist nur unter Beachtung dieser Dokumentation m\u00f6glich.\nKernkonzept bittet Anwender des L4Re Secure Separation Kernel CC 1.0.2\nausdr\u00fccklich, <a href=\"https:\/\/www.kernkonzept.com\/de\/kontakt-5\/\">Kernkonzept<\/a> bei Fragen zum sicheren Einsatz des L4Re Secure Separation Kernel CC 1.0.2 zu kontaktieren.<\/p><p>Kernkonzept bietet Support f\u00fcr den L4Re Secure Separation Kernel CC 1.0.2 f\u00fcr die gesamte Laufzeit des Zertifikats an. Security Advisories und\nUpdates f\u00fcr sicherheitskritische Schwachstellen werden nur unter der L4Re Security Support Option, die Kernkonzept zusammen mit dem L4Re Secure Separation Kernel CC 1.0.2 anbietet, zur Verf\u00fcgung gestellt.<\/p><p>Bittet melden Sie Fehler und potenzielle sicherheitskritische Issues PGP-verschl\u00fcsselt an <a href=\"mailto:security@kernkonzept.com\">security@kernkonzept.com<\/a>.<\/p><p>Fingerprint: C4DC 2909 A22E D080 C012 5373 4055 CBA2 A4FD 855B<\/p><p class=\"translation-block\">\u00d6ffentlicher Schl\u00fcssel: <a href=\"\/dl\/openpgp-digital-signature.asc\" target=\"_self\">download<\/a><\/p><p>Security Advisories werden nur nicht-\u00f6ffentlich unter der L4Re Security Support Option zur Verf\u00fcgung gestellt.<\/p>\t\t\t\t\t\t\t\t<\/div>\n\t\t\t\t<\/div>\n\t\t\t\t\t<\/div>\n\t\t<\/div>\n\t\t\t\t\t<\/div>\n\t\t<\/section>\n\t\t\t\t\t<\/div>\n\t\t<\/div>\n\t\t\t\t<div class=\"elementor-column elementor-col-50 elementor-top-column elementor-element elementor-element-2557f86\" data-id=\"2557f86\" data-element_type=\"column\" data-e-type=\"column\" data-settings=\"{&quot;background_background&quot;:&quot;classic&quot;}\">\n\t\t\t<div class=\"elementor-widget-wrap elementor-element-populated\">\n\t\t\t\t\t<div class=\"elementor-background-overlay\"><\/div>\n\t\t\t\t\t\t<div class=\"elementor-element elementor-element-2f568b5 elementor-widget elementor-widget-heading\" data-id=\"2f568b5\" data-element_type=\"widget\" data-e-type=\"widget\" data-widget_type=\"heading.default\">\n\t\t\t\t<div class=\"elementor-widget-container\">\n\t\t\t\t\t<p class=\"elementor-heading-title elementor-size-default\">Kontakt<\/p>\t\t\t\t<\/div>\n\t\t\t\t<\/div>\n\t\t\t\t<div class=\"elementor-element elementor-element-568b87b elementor-widget elementor-widget-text-editor\" data-id=\"568b87b\" data-element_type=\"widget\" data-e-type=\"widget\" data-widget_type=\"text-editor.default\">\n\t\t\t\t<div class=\"elementor-widget-container\">\n\t\t\t\t\t\t\t\t\t<p>Kernkonzept GmbH<br \/>Buchenstra\u00dfe 16b<br \/>01097 Dresden<br \/>DEUTSCHLAND<\/p>\t\t\t\t\t\t\t\t<\/div>\n\t\t\t\t<\/div>\n\t\t\t\t<div class=\"elementor-element elementor-element-d43f983 elementor-icon-list--layout-traditional elementor-list-item-link-full_width elementor-widget elementor-widget-icon-list\" data-id=\"d43f983\" data-element_type=\"widget\" data-e-type=\"widget\" data-widget_type=\"icon-list.default\">\n\t\t\t\t<div class=\"elementor-widget-container\">\n\t\t\t\t\t\t\t<ul class=\"elementor-icon-list-items\">\n\t\t\t\t\t\t\t<li class=\"elementor-icon-list-item\">\n\t\t\t\t\t\t\t\t\t\t\t<a href=\"mailto:contact@kernkonzept.com\">\n\n\t\t\t\t\t\t\t\t\t\t\t\t<span class=\"elementor-icon-list-icon\">\n\t\t\t\t\t\t\t<i aria-hidden=\"true\" class=\"far fa-envelope\"><\/i>\t\t\t\t\t\t<\/span>\n\t\t\t\t\t\t\t\t\t\t<span class=\"elementor-icon-list-text\">contact@kernkonzept.com<\/span>\n\t\t\t\t\t\t\t\t\t\t\t<\/a>\n\t\t\t\t\t\t\t\t\t<\/li>\n\t\t\t\t\t\t\t\t<li class=\"elementor-icon-list-item\">\n\t\t\t\t\t\t\t\t\t\t\t<span class=\"elementor-icon-list-icon\">\n\t\t\t\t\t\t\t<i aria-hidden=\"true\" class=\"far fa-phone-volume\"><\/i>\t\t\t\t\t\t<\/span>\n\t\t\t\t\t\t\t\t\t\t<span class=\"elementor-icon-list-text\">+49 351 418 886 11<\/span>\n\t\t\t\t\t\t\t\t\t<\/li>\n\t\t\t\t\t\t<\/ul>\n\t\t\t\t\t\t<\/div>\n\t\t\t\t<\/div>\n\t\t\t\t\t<\/div>\n\t\t<\/div>\n\t\t\t\t\t<\/div>\n\t\t<\/section>\n\t\t\t\t<\/div>","protected":false},"excerpt":{"rendered":"<p>CybersecurityInformation This page contains\u00a0 supplementary cybersecurity information for the L4Re Secure Separation Kernel, in accordance to REGULATION (EU) 2019\/881 article 55. L4Re Secure Separation Kernel CC &#8211; Supplementary Cybersecurity Information This page contains supplementary cybersecurity information for the L4Re Secure Separation Kernel CC 1.0.2. The software package L4Re Secure Separation Kernel CC 1.0.2 contains the [&hellip;]<\/p>\n","protected":false},"author":7,"featured_media":0,"parent":0,"menu_order":0,"comment_status":"closed","ping_status":"closed","template":"","meta":{"_acf_changed":false,"footnotes":""},"press-categories":[],"class_list":["post-18672","page","type-page","status-publish","hentry"],"acf":[],"_links":{"self":[{"href":"https:\/\/www.kernkonzept.com\/de\/wp-json\/wp\/v2\/pages\/18672","targetHints":{"allow":["GET"]}}],"collection":[{"href":"https:\/\/www.kernkonzept.com\/de\/wp-json\/wp\/v2\/pages"}],"about":[{"href":"https:\/\/www.kernkonzept.com\/de\/wp-json\/wp\/v2\/types\/page"}],"author":[{"embeddable":true,"href":"https:\/\/www.kernkonzept.com\/de\/wp-json\/wp\/v2\/users\/7"}],"replies":[{"embeddable":true,"href":"https:\/\/www.kernkonzept.com\/de\/wp-json\/wp\/v2\/comments?post=18672"}],"version-history":[{"count":25,"href":"https:\/\/www.kernkonzept.com\/de\/wp-json\/wp\/v2\/pages\/18672\/revisions"}],"predecessor-version":[{"id":18970,"href":"https:\/\/www.kernkonzept.com\/de\/wp-json\/wp\/v2\/pages\/18672\/revisions\/18970"}],"wp:attachment":[{"href":"https:\/\/www.kernkonzept.com\/de\/wp-json\/wp\/v2\/media?parent=18672"}],"wp:term":[{"taxonomy":"press-categories","embeddable":true,"href":"https:\/\/www.kernkonzept.com\/de\/wp-json\/wp\/v2\/press-categories?post=18672"}],"curies":[{"name":"wp","href":"https:\/\/api.w.org\/{rel}","templated":true}]}}