{"id":3,"date":"2021-09-01T16:35:12","date_gmt":"2021-09-01T14:35:12","guid":{"rendered":"https:\/\/kernkonzept.schaltzeit.com\/?page_id=3"},"modified":"2026-03-12T15:59:18","modified_gmt":"2026-03-12T14:59:18","slug":"datenschutzerklaerung","status":"publish","type":"page","link":"https:\/\/www.kernkonzept.com\/de\/privacy-policy\/","title":{"rendered":"Datenschutz-erkl\u00e4rung"},"content":{"rendered":"<div data-elementor-type=\"wp-page\" data-elementor-id=\"3\" class=\"elementor elementor-3\" data-elementor-settings=\"{&quot;ha_cmc_init_switcher&quot;:&quot;no&quot;}\" data-elementor-post-type=\"page\">\n\t\t\t\t\t\t<section class=\"elementor-section elementor-top-section elementor-element elementor-element-96356f6 elementor-section-boxed elementor-section-height-default elementor-section-height-default\" data-id=\"96356f6\" data-element_type=\"section\" data-e-type=\"section\" data-settings=\"{&quot;_ha_eqh_enable&quot;:false}\">\n\t\t\t\t\t\t<div class=\"elementor-container elementor-column-gap-default\">\n\t\t\t\t\t<div class=\"elementor-column elementor-col-100 elementor-top-column elementor-element elementor-element-1e6364f\" data-id=\"1e6364f\" data-element_type=\"column\" data-e-type=\"column\">\n\t\t\t<div class=\"elementor-widget-wrap\">\n\t\t\t\t\t\t\t<\/div>\n\t\t<\/div>\n\t\t\t\t\t<\/div>\n\t\t<\/section>\n\t\t\t\t<section class=\"elementor-section elementor-top-section elementor-element elementor-element-3bba6eed elementor-reverse-mobile elementor-section-boxed elementor-section-height-default elementor-section-height-default\" data-id=\"3bba6eed\" data-element_type=\"section\" data-e-type=\"section\" data-settings=\"{&quot;background_background&quot;:&quot;classic&quot;,&quot;_ha_eqh_enable&quot;:false}\">\n\t\t\t\t\t\t<div class=\"elementor-container elementor-column-gap-default\">\n\t\t\t\t\t<div class=\"elementor-column elementor-col-50 elementor-top-column elementor-element elementor-element-5719dc1b\" data-id=\"5719dc1b\" data-element_type=\"column\" data-e-type=\"column\" data-settings=\"{&quot;background_background&quot;:&quot;classic&quot;}\">\n\t\t\t<div class=\"elementor-widget-wrap elementor-element-populated\">\n\t\t\t\t\t<div class=\"elementor-background-overlay\"><\/div>\n\t\t\t\t\t\t<section class=\"elementor-section elementor-inner-section elementor-element elementor-element-5712e66 elementor-section-content-middle elementor-section-boxed elementor-section-height-default elementor-section-height-default\" data-id=\"5712e66\" data-element_type=\"section\" data-e-type=\"section\" data-settings=\"{&quot;background_background&quot;:&quot;classic&quot;,&quot;_ha_eqh_enable&quot;:false}\">\n\t\t\t\t\t\t\t<div class=\"elementor-background-overlay\"><\/div>\n\t\t\t\t\t\t\t<div class=\"elementor-container elementor-column-gap-default\">\n\t\t\t\t\t<div class=\"elementor-column elementor-col-100 elementor-inner-column elementor-element elementor-element-27efa98\" data-id=\"27efa98\" data-element_type=\"column\" data-e-type=\"column\">\n\t\t\t<div class=\"elementor-widget-wrap elementor-element-populated\">\n\t\t\t\t\t\t<div class=\"elementor-element elementor-element-623e41f elementor-widget elementor-widget-heading\" data-id=\"623e41f\" data-element_type=\"widget\" data-e-type=\"widget\" data-widget_type=\"heading.default\">\n\t\t\t\t<div class=\"elementor-widget-container\">\n\t\t\t\t\t<h2 class=\"elementor-heading-title elementor-size-default\">Datenschutz-erkl\u00e4rung<\/h2>\t\t\t\t<\/div>\n\t\t\t\t<\/div>\n\t\t\t\t<div class=\"elementor-element elementor-element-7eb2057 elementor-widget elementor-widget-text-editor\" data-id=\"7eb2057\" data-element_type=\"widget\" data-e-type=\"widget\" data-widget_type=\"text-editor.default\">\n\t\t\t\t<div class=\"elementor-widget-container\">\n\t\t\t\t\t\t\t\t\t<p>Wir informieren \u00fcber die Daten, die auf unserer Website gesammelt werden und erkl\u00e4ren, wie Sie diese \u00e4ndern, verwalten, exportieren oder l\u00f6schen.<\/p>\t\t\t\t\t\t\t\t<\/div>\n\t\t\t\t<\/div>\n\t\t\t\t\t<\/div>\n\t\t<\/div>\n\t\t\t\t\t<\/div>\n\t\t<\/section>\n\t\t\t\t\t<\/div>\n\t\t<\/div>\n\t\t\t\t<div class=\"elementor-column elementor-col-50 elementor-top-column elementor-element elementor-element-633db1f2\" data-id=\"633db1f2\" data-element_type=\"column\" data-e-type=\"column\" data-settings=\"{&quot;background_background&quot;:&quot;classic&quot;}\">\n\t\t\t<div class=\"elementor-widget-wrap elementor-element-populated\">\n\t\t\t\t\t<div class=\"elementor-background-overlay\"><\/div>\n\t\t\t\t\t\t<div class=\"elementor-element elementor-element-10d74e08 elementor-widget elementor-widget-spacer\" data-id=\"10d74e08\" data-element_type=\"widget\" data-e-type=\"widget\" data-widget_type=\"spacer.default\">\n\t\t\t\t<div class=\"elementor-widget-container\">\n\t\t\t\t\t\t\t<div class=\"elementor-spacer\">\n\t\t\t<div class=\"elementor-spacer-inner\"><\/div>\n\t\t<\/div>\n\t\t\t\t\t\t<\/div>\n\t\t\t\t<\/div>\n\t\t\t\t\t<\/div>\n\t\t<\/div>\n\t\t\t\t\t<\/div>\n\t\t<\/section>\n\t\t\t\t<section class=\"elementor-section elementor-top-section elementor-element elementor-element-a6669a6 elementor-section-boxed elementor-section-height-default elementor-section-height-default\" data-id=\"a6669a6\" data-element_type=\"section\" data-e-type=\"section\" data-settings=\"{&quot;background_background&quot;:&quot;classic&quot;,&quot;_ha_eqh_enable&quot;:false}\">\n\t\t\t\t\t\t<div class=\"elementor-container elementor-column-gap-default\">\n\t\t\t\t\t<div class=\"elementor-column elementor-col-50 elementor-top-column elementor-element elementor-element-23b26ddd\" data-id=\"23b26ddd\" data-element_type=\"column\" data-e-type=\"column\" data-settings=\"{&quot;background_background&quot;:&quot;classic&quot;}\">\n\t\t\t<div class=\"elementor-widget-wrap elementor-element-populated\">\n\t\t\t\t\t<div class=\"elementor-background-overlay\"><\/div>\n\t\t\t\t\t\t<section class=\"elementor-section elementor-inner-section elementor-element elementor-element-155ae058 elementor-section-boxed elementor-section-height-default elementor-section-height-default\" data-id=\"155ae058\" data-element_type=\"section\" data-e-type=\"section\" data-settings=\"{&quot;_ha_eqh_enable&quot;:false}\">\n\t\t\t\t\t\t<div class=\"elementor-container elementor-column-gap-default\">\n\t\t\t\t\t<div class=\"elementor-column elementor-col-100 elementor-inner-column elementor-element elementor-element-36f41f59\" data-id=\"36f41f59\" data-element_type=\"column\" data-e-type=\"column\">\n\t\t\t<div class=\"elementor-widget-wrap elementor-element-populated\">\n\t\t\t\t\t\t<div class=\"elementor-element elementor-element-6497ea6b elementor-widget elementor-widget-text-editor\" data-id=\"6497ea6b\" data-element_type=\"widget\" data-e-type=\"widget\" data-widget_type=\"text-editor.default\">\n\t\t\t\t<div class=\"elementor-widget-container\">\n\t\t\t\t\t\t\t\t\t<h2 id=\"sec-1\">Datenerhebung und Datenschutz<\/h2><div id=\"outline-container-sec-1-1\"><h3 id=\"sec-1-1\">Geltungsbereich<\/h3><div id=\"text-1-1\"><p>Diese Datenschutzerkl\u00e4rung kl\u00e4rt Nutzer (im Folgenden \u201eSie\u201c) \u00fcber die Art, den Umfang und Zwecke der Erhebung und Verwendung personenbezogener Daten durch den verantwortlichen Anbieter<\/p><p>Kernkonzept GmbH<br \/>Buchenstra\u00dfe 16b<br \/>01097 Dresden<br \/>E-Mail: <a href=\"mailto:info@kernkonzept.com\">info@kernkonzept.com<\/a><br \/>Tel. +49\u00a0351\u00a041\u00a0888\u00a0611<\/p><p>(siehe <a href=\"\/de\/impressum\/\">Impressum<\/a>; im Folgenden \u201ewir\u201c) auf dieser Website (im Folgenden \u201edie Website\u201c oder \u201eunsere Website\u201c) auf.<\/p><p>Diese Datenschutzerkl\u00e4rung gilt nur f\u00fcr Inhalte auf unseren Servern und umfasst nicht die auf unserer Seite verlinkten Webseiten.<\/p><p>Die rechtlichen Grundlagen des Datenschutzes finden sich im Bundesdatenschutzgesetz (BDSG) und dem Digitale-Dienste-Gesetz (DDG).<\/p><\/div><\/div><h3 id=\"sec-1-2\">Zugriffsdaten \/ Server-Logfiles<\/h3><p>Wir (beziehungsweise unser Webspace-Provider) erheben Daten \u00fcber jeden Zugriff auf die Website (so genannte Server-Logfiles). Zu den Zugriffsdaten geh\u00f6ren:<\/p><ul><li>Name der abgerufenen Website<\/li><li>Datei<\/li><li>Datum und Uhrzeit des Abrufs<\/li><li>\u00fcbertragene Datenmenge<\/li><li>Meldung \u00fcber erfolgreichen Abruf<\/li><li>Browsertyp nebst Version<\/li><li>Ihr Betriebssystem<\/li><li>Referrer URL (die zuvor besuchte Seite)<\/li><li>IP-Adresse<\/li><li>anfragender Provider<\/li><\/ul><p>Es ist uns nicht m\u00f6glich, die erfassten Daten einer bestimmten nat\u00fcrlichen Person zuzuordnen.<\/p><p>Wir verwenden die Protokolldaten nur f\u00fcr statistische Auswertungen zum Zweck des Betriebs, der Sicherheit und der Optimierung der Website. Wir behalten uns jedoch vor, die Protokolldaten nachtr\u00e4glich zu \u00fcberpr\u00fcfen, wenn aufgrund konkreter Anhaltspunkte der berechtigte Verdacht einer rechtswidrigen Nutzung besteht.<\/p><h3>Erhebung und Verwendung personenbezogener Daten<\/h3><div id=\"outline-container-sec-1-3\"><div id=\"text-1-3\"><p>Personenbezogene Daten werden von uns nur dann und nur in dem Umfang erhoben, wie Sie sie uns mit Ihrer Kenntnis selbst zur Verf\u00fcgung stellen. Insbesondere erfolgt eine Nutzung dieser personenbezogenen Daten f\u00fcr Zwecke der Werbung\/Marktforschung sowie zur Gestaltung unserer Dienste nur, wenn Sie uns ausdr\u00fccklich hierzu Ihre Einwilligung erteilt haben.<\/p><p>Sie haben jederzeit ein Widerrufsrecht hinsichtlich einer erteilten Einwilligung.<\/p><p>Eine Angabe der Verarbeitungszwecke erfolgt an den entsprechenden Stellen unserer Websites und unterliegt keiner nachtr\u00e4glichen \u00c4nderung.<\/p><p>Eine Weitergabe der Daten an Dritte erfolgt ohne Ihre Einwilligung nur dann, wenn wir hierzu gesetzlich verpflichtet sind.<\/p><\/div><\/div><div id=\"outline-container-sec-1-4\"><h3 id=\"sec-1-4\">Kontakt<\/h3><p>Bei der Kontaktaufnahme mit uns (zum Beispiel per Kontaktformular oder E-Mail) werden Ihre Angaben zwecks Bearbeitung der Anfrage sowie f\u00fcr den Fall, dass Anschlussfragen entstehen, gespeichert.<\/p><\/div><div id=\"outline-container-sec-1-5\"><h3 id=\"sec-1-5\">Verwendung von Cookies<\/h3><p>Cookies sind Datens\u00e4tze, die vom Webserver an den Webbrowser des Nutzers gesandt und dort f\u00fcr einen sp\u00e4teren Abruf gespeichert werden. Ob Cookies gesammelt werden k\u00f6nnen, k\u00f6nnen Sie selbst bestimmen, indem Sie Ihren Browser in der Weise einstellen, dass er Sie vor dem Speichern eines Cookies informiert und eine Speicherung erst erfolgt, wenn Sie dies ausdr\u00fccklich akzeptieren.<\/p><p>The legal bases for the processing of personal data in this context are Art. 6 (1) lit. c GDPR and Art. 6 (1) lit. f GDPR. Our legitimate interest is the management of the cookies and similar technologies used and the related consents.<\/p><p>The provision of personal data is neither contractually required nor necessary for the conclusion of a contract. You are not obliged to provide the personal data. If you do not provide the personal data, we will not be able to manage your consents.<\/p><p>To manage the cookies and similar technologies used (tracking pixels, web beacons, etc.) and related consents, we use the consent tool \u201cReal Cookie Banner\u201d. Details on how \u201cReal Cookie Banner\u201d works can be found at <a href=\"https:\/\/devowl.io\/rcb\/data-processing\/\" target=\"_blank\" rel=\"noopener noreferrer\">https:\/\/devowl.io\/rcb\/data-processing\/<\/a>.<\/p><p><a id=\"sec-1-5-1\" name=\"sec-1-5-1\"><\/a><strong>Unsere Cookies<\/strong><\/p><p>Unser Webserver selbst verwendet derzeit keine Cookies.<\/p><p><a  href=\"#consent-change\" role=\"button\" id=\"rcb-sc-link-change\" data-success-message=\"\" class=\"rcb-sc-link rcb-sc-link-change\">Privatsph\u00e4re-Einstellungen \u00e4ndern<\/a> | <a  href=\"#consent-history\" role=\"button\" id=\"rcb-sc-link-history\" data-success-message=\"\" class=\"rcb-sc-link rcb-sc-link-history\">Historie der Privatsph\u00e4re-Einstellungen<\/a> | <a  href=\"#consent-revoke\" role=\"button\" id=\"rcb-sc-link-revoke\" data-success-message=\"You have successfully revoked the consent. The page will be reloaded now.\" class=\"rcb-sc-link rcb-sc-link-revoke\">Einwilligungen widerrufen<\/a><\/p><p><strong>Cookies von Drittanbietern<br \/><\/strong><\/p><p>Inwieweit auf unserem Webserver eingebettete Dienste von Drittanbietern Cookies verwenden, entnehmen Sie bitte den folgenden Abschnitten.<\/p><\/div><div id=\"outline-container-sec-1-6\"><h3 id=\"sec-1-6\">Einbindung von Diensten und Inhalten Dritter<\/h3><div id=\"text-1-6\"><p>Es kann vorkommen, dass wir innerhalb dieser Website Inhalte Dritter, wie zum Beispiel Videos von YouTube, Kartenmaterial von Google-Maps, RSS-Feeds oder Grafiken von anderen Webseiten einbinden. Dies setzt immer voraus, dass die Anbieter dieser Inhalte (\u201eDrittanbieter\u201c) Ihre IP-Adresse wahrnehmen; denn ohne die IP-Adresse k\u00f6nnten sie die Inhalte nicht an Ihren Browser senden. Die IP-Adresse ist damit f\u00fcr die Darstellung dieser Inhalte erforderlich.<\/p><p>Wir bem\u00fchen uns nur solche Inhalte zu verwenden, deren jeweilige Anbieter die IP-Adresse lediglich zur Auslieferung der Inhalte verwenden. Jedoch haben wir keinen Einfluss darauf, falls die Drittanbieter die IP-Adresse z.B. f\u00fcr statistische Zwecke speichern. Drittanbieter k\u00f6nnen auch Cookies an Ihren Webbrowser senden. Soweit uns dies bekannt ist, kl\u00e4ren wir Sie dar\u00fcber auf.<\/p><\/div><\/div><div id=\"outline-container-sec-1-8\"><h3 id=\"sec-1-8\">Widerruf, \u00c4nderungen, Berichtigungen und Aktualisierungen<\/h3><p>Sie haben das Recht, auf Antrag unentgeltlich Auskunft \u00fcber die personenbezogenen Daten zu erhalten, die \u00fcber Sie gespeichert wurden. Zus\u00e4tzlich haben Sie das Recht auf Berichtigung unrichtiger Daten, Sperrung sowie L\u00f6schung Ihrer personenbezogenen Daten, soweit dem keine gesetzliche Aufbewahrungspflicht entgegensteht.<\/p><\/div>\t\t\t\t\t\t\t\t<\/div>\n\t\t\t\t<\/div>\n\t\t\t\t\t<\/div>\n\t\t<\/div>\n\t\t\t\t\t<\/div>\n\t\t<\/section>\n\t\t\t\t\t<\/div>\n\t\t<\/div>\n\t\t\t\t<div class=\"elementor-column elementor-col-50 elementor-top-column elementor-element elementor-element-4ac6551\" data-id=\"4ac6551\" data-element_type=\"column\" data-e-type=\"column\" data-settings=\"{&quot;background_background&quot;:&quot;classic&quot;}\">\n\t\t\t<div class=\"elementor-widget-wrap elementor-element-populated\">\n\t\t\t\t\t<div class=\"elementor-background-overlay\"><\/div>\n\t\t\t\t\t\t<section class=\"elementor-section elementor-inner-section elementor-element elementor-element-749a1a9 elementor-section-boxed elementor-section-height-default elementor-section-height-default\" data-id=\"749a1a9\" data-element_type=\"section\" data-e-type=\"section\" data-settings=\"{&quot;_ha_eqh_enable&quot;:false}\">\n\t\t\t\t\t\t<div class=\"elementor-container elementor-column-gap-default\">\n\t\t\t\t\t<div class=\"elementor-column elementor-col-100 elementor-inner-column elementor-element elementor-element-6c29f28\" data-id=\"6c29f28\" data-element_type=\"column\" data-e-type=\"column\" data-settings=\"{&quot;background_background&quot;:&quot;classic&quot;}\">\n\t\t\t<div class=\"elementor-widget-wrap elementor-element-populated\">\n\t\t\t\t\t\t<div class=\"elementor-element elementor-element-31f994f8 elementor-widget elementor-widget-heading\" data-id=\"31f994f8\" data-element_type=\"widget\" data-e-type=\"widget\" data-widget_type=\"heading.default\">\n\t\t\t\t<div class=\"elementor-widget-container\">\n\t\t\t\t\t<h2 class=\"elementor-heading-title elementor-size-default\">Kontakt<\/h2>\t\t\t\t<\/div>\n\t\t\t\t<\/div>\n\t\t\t\t<div class=\"elementor-element elementor-element-5cd7c6b8 elementor-widget elementor-widget-text-editor\" data-id=\"5cd7c6b8\" data-element_type=\"widget\" data-e-type=\"widget\" data-widget_type=\"text-editor.default\">\n\t\t\t\t<div class=\"elementor-widget-container\">\n\t\t\t\t\t\t\t\t\t<p>Kernkonzept GmbH<br \/>Buchenstra\u00dfe 16b<br \/>01097 Dresden<br \/>DEUTSCHLAND<\/p>\t\t\t\t\t\t\t\t<\/div>\n\t\t\t\t<\/div>\n\t\t\t\t<div class=\"elementor-element elementor-element-eba2dea elementor-icon-list--layout-traditional elementor-list-item-link-full_width elementor-widget elementor-widget-icon-list\" data-id=\"eba2dea\" data-element_type=\"widget\" data-e-type=\"widget\" data-widget_type=\"icon-list.default\">\n\t\t\t\t<div class=\"elementor-widget-container\">\n\t\t\t\t\t\t\t<ul class=\"elementor-icon-list-items\">\n\t\t\t\t\t\t\t<li class=\"elementor-icon-list-item\">\n\t\t\t\t\t\t\t\t\t\t\t<a href=\"mailto:info@kernkonzept.com\">\n\n\t\t\t\t\t\t\t\t\t\t\t\t<span class=\"elementor-icon-list-icon\">\n\t\t\t\t\t\t\t<i aria-hidden=\"true\" class=\"far fa-envelope\"><\/i>\t\t\t\t\t\t<\/span>\n\t\t\t\t\t\t\t\t\t\t<span class=\"elementor-icon-list-text\">info@kernkonzept.com<\/span>\n\t\t\t\t\t\t\t\t\t\t\t<\/a>\n\t\t\t\t\t\t\t\t\t<\/li>\n\t\t\t\t\t\t\t\t<li class=\"elementor-icon-list-item\">\n\t\t\t\t\t\t\t\t\t\t\t<span class=\"elementor-icon-list-icon\">\n\t\t\t\t\t\t\t<i aria-hidden=\"true\" class=\"far fa-phone-volume\"><\/i>\t\t\t\t\t\t<\/span>\n\t\t\t\t\t\t\t\t\t\t<span class=\"elementor-icon-list-text\">+49 351 418 886 11<\/span>\n\t\t\t\t\t\t\t\t\t<\/li>\n\t\t\t\t\t\t<\/ul>\n\t\t\t\t\t\t<\/div>\n\t\t\t\t<\/div>\n\t\t\t\t\t<\/div>\n\t\t<\/div>\n\t\t\t\t\t<\/div>\n\t\t<\/section>\n\t\t\t\t\t<\/div>\n\t\t<\/div>\n\t\t\t\t\t<\/div>\n\t\t<\/section>\n\t\t\t\t<\/div>","protected":false},"excerpt":{"rendered":"<p>Privacy Policy Please be informed about the information collected on our website and how you can update, manage, export, or delete this information. Data collection and privacy Scope of application This data protection declaration informs users (referred to as &#8220;you&#8221;) about the nature, scope and purpose of the collection and use of personal data by [&hellip;]<\/p>\n","protected":false},"author":1,"featured_media":0,"parent":0,"menu_order":0,"comment_status":"closed","ping_status":"closed","template":"","meta":{"_acf_changed":false,"footnotes":""},"press-categories":[],"class_list":["post-3","page","type-page","status-publish","hentry"],"acf":[],"_links":{"self":[{"href":"https:\/\/www.kernkonzept.com\/de\/wp-json\/wp\/v2\/pages\/3","targetHints":{"allow":["GET"]}}],"collection":[{"href":"https:\/\/www.kernkonzept.com\/de\/wp-json\/wp\/v2\/pages"}],"about":[{"href":"https:\/\/www.kernkonzept.com\/de\/wp-json\/wp\/v2\/types\/page"}],"author":[{"embeddable":true,"href":"https:\/\/www.kernkonzept.com\/de\/wp-json\/wp\/v2\/users\/1"}],"replies":[{"embeddable":true,"href":"https:\/\/www.kernkonzept.com\/de\/wp-json\/wp\/v2\/comments?post=3"}],"version-history":[{"count":3,"href":"https:\/\/www.kernkonzept.com\/de\/wp-json\/wp\/v2\/pages\/3\/revisions"}],"predecessor-version":[{"id":18885,"href":"https:\/\/www.kernkonzept.com\/de\/wp-json\/wp\/v2\/pages\/3\/revisions\/18885"}],"wp:attachment":[{"href":"https:\/\/www.kernkonzept.com\/de\/wp-json\/wp\/v2\/media?parent=3"}],"wp:term":[{"taxonomy":"press-categories","embeddable":true,"href":"https:\/\/www.kernkonzept.com\/de\/wp-json\/wp\/v2\/press-categories?post=3"}],"curies":[{"name":"wp","href":"https:\/\/api.w.org\/{rel}","templated":true}]}}